{"id":3,"date":"2023-06-26T22:13:03","date_gmt":"2023-06-26T22:13:03","guid":{"rendered":"https:\/\/eddsec.de\/?page_id=3"},"modified":"2023-08-14T15:55:55","modified_gmt":"2023-08-14T13:55:55","slug":"datenschutzhinweise","status":"publish","type":"page","link":"https:\/\/eddsec.de\/en\/datenschutzhinweise\/","title":{"rendered":"Datenschutzhinweise"},"content":{"rendered":"\t<div id=\"gap-1216746757\" class=\"gap-element clearfix\" style=\"display:block; height:auto;\">\n\t\t\n<style>\n#gap-1216746757 {\n  padding-top: 60px;\n}\n<\/style>\n\t<\/div>\n\t\n<div class=\"row\"  id=\"row-1691674052\">\n\n\t<div id=\"col-2012506905\" class=\"col medium-12 small-12 large-10\"  >\n\t\t\t\t<div class=\"col-inner\" style=\"background-color:rgb(241, 241, 241);\" >\n\t\t\t\n\t\t\t\n\t<div id=\"text-2319765365\" class=\"text\">\n\t\t\n<h2>\u00a0<\/h2>\n<h2><span style=\"font-size: 75%;\"><strong>I.\u00a0Informationen \u00fcber die Verarbeitung Ihrer Daten gem\u00e4\u00df Art. 13 der Datenschutz-Grundverordnung (DS-GVO)<\/strong><\/span><\/h2>\n<h3><span style=\"font-size: 75%;\"><strong>1.\u00a0Verantwortlicher und Datenschutzbeauftragter<\/strong><\/span><\/h3>\n<p><span style=\"font-size: 75%;\">Verantwortlich f\u00fcr diese Website ist<\/span><\/p>\n<p><span style=\"font-size: 75%;\">EDDSEC GmbH, Gesch\u00e4ftsf\u00fchrer: Steffen Kuschnierzik. Gartenstr.17, 50733 K\u00f6ln<\/span><\/p>\n<p><span style=\"font-size: 75%;\">Den Datenschutzbeauftragten erreichen Sie per E-Mail unter<\/span><\/p>\n<p><span style=\"font-size: 75%;\">Info@eddse.de<\/span><\/p>\n<p><span style=\"font-size: 75%;\">oder \u00fcber die Adresse<\/span><\/p>\n<p><span style=\"font-size: 75%;\">siehe oben.<\/span><\/p>\n<h3><span style=\"font-size: 75%;\"><strong>2. Daten, die f\u00fcr die Bereitstellung der Website und die Erstellung der Protokolldateien verarbeitet werden<\/strong><\/span><\/h3>\n<h4><span style=\"font-size: 75%;\"><strong>a. Welche Daten werden f\u00fcr welchen Zweck verarbeitet?<\/strong><\/span><\/h4>\n<p><span style=\"font-size: 75%;\">Bei jedem Zugriff auf Inhalte der Website werden vor\u00fcbergehend Daten gespeichert, die m\u00f6glicherweise eine Identifizierung zulassen. Die folgenden Daten werden hierbei erhoben:<\/span><\/p>\n<p><span style=\"font-size: 75%;\">&#8211;\u00a0Datum und Uhrzeit des Zugriffs<\/span><\/p>\n<p><span style=\"font-size: 75%;\">&#8211; IP-Adresse<\/span><\/p>\n<p><span style=\"font-size: 75%;\">&#8211;\u00a0Hostname des zugreifenden Rechners<\/span><\/p>\n<p><span style=\"font-size: 75%;\">&#8211;\u00a0Website, von der aus die Website aufgerufen wurde<\/span><\/p>\n<p><span style=\"font-size: 75%;\">&#8211;\u00a0Websites, die \u00fcber die Website aufgerufen werden<\/span><\/p>\n<p><span style=\"font-size: 75%;\">&#8211;\u00a0Besuchte Seite auf unserer Website<\/span><\/p>\n<p><span style=\"font-size: 75%;\">&#8211;\u00a0Meldung, ob der Abruf erfolgreich war<\/span><\/p>\n<p><span style=\"font-size: 75%;\">&#8211;\u00a0\u00dcbertragene Datenmenge<\/span><\/p>\n<p><span style=\"font-size: 75%;\">&#8211;\u00a0Informationen \u00fcber den Browsertyp und die verwendete Version<\/span><\/p>\n<p><span style=\"font-size: 75%;\">&#8211;\u00a0Betriebssystem<\/span><\/p>\n<p><span style=\"font-size: 75%;\">Die vor\u00fcbergehende Speicherung der Daten ist f\u00fcr den Ablauf eines Websitebesuchs erforderlich, um eine Auslieferung der Website zu erm\u00f6glichen. Eine weitere Speicherung in Protokolldateien erfolgt, um die Funktionsf\u00e4higkeit der Website und die Sicherheit der informationstechnischen Systeme sicherzustellen. In diesen Zwecken liegt auch unser berechtigtes Interesse an der Datenverarbeitung.<\/span><\/p>\n<h4><span style=\"font-size: 75%;\"><strong>b. Auf welcher Rechtsgrundlage werden diese Daten verarbeitet?<\/strong><\/span><\/h4>\n<p><span style=\"font-size: 75%;\">Die Daten werden auf der Grundlage des Art. 6 Abs. 1 Buchstabe f DS-GVO verarbeitet.<\/span><\/p>\n<h4><span style=\"font-size: 75%;\"><strong>c. [Bei Bedarf] Gibt es neben dem Verantwortlichen weitere Empf\u00e4nger der personenbezogenen Daten?<\/strong><\/span><\/h4>\n<p><span style=\"font-size: 75%;\">Die Website wird bei [Name, Postadresse, E-Mail-Adresse des Hosters] gehostet. Der Hoster empf\u00e4ngt die oben genannten Daten als Auftragsverarbeiter.<\/span><\/p>\n<h4><span style=\"font-size: 75%;\"><strong>d. Wie lange werden die Daten gespeichert?<\/strong><\/span><\/h4>\n<p><span style=\"font-size: 75%;\">Die Daten werden gel\u00f6scht, sobald sie f\u00fcr die Erreichung des Zwecks ihrer Erhebung nicht mehr erforderlich sind. Bei der Bereitstellung der Website ist dies der Fall, wenn die jeweilige Sitzung beendet ist. Die Protokolldateien werden [\u2026, maximal bis zu 24 Stunden] direkt und ausschlie\u00dflich f\u00fcr Administratoren zug\u00e4nglich aufbewahrt. Danach sind sie nur noch indirekt \u00fcber die Rekonstruktion von Sicherungsb\u00e4ndern verf\u00fcgbar und werden nach [\u2026, maximal vier Wochen] endg\u00fcltig gel\u00f6scht.<\/span><\/p>\n<h3><span style=\"font-size: 75%;\"><strong>3. Betroffenenrechte<\/strong><\/span><\/h3>\n<h4><span style=\"font-size: 75%;\"><strong>a. Recht auf Auskunft<\/strong><\/span><\/h4>\n<p><span style=\"font-size: 75%;\">Sie k\u00f6nnen Auskunft nach Art. 15 DS-GVO \u00fcber Ihre personenbezogenen Daten verlangen, die wir verarbeiten.<\/span><\/p>\n<h4><span style=\"font-size: 75%;\"><strong>b. Recht auf Widerspruch:<\/strong><\/span><\/h4>\n<p><span style=\"font-size: 75%;\">Sie haben ein Recht auf Widerspruch aus besonderen Gr\u00fcnden (siehe unter Punkt II).<\/span><\/p>\n<h4><span style=\"font-size: 75%;\"><strong>c. Recht auf Berichtigung<\/strong><\/span><\/h4>\n<p><span style=\"font-size: 75%;\">Sollten die Sie betreffenden Angaben nicht (mehr) zutreffend sein, k\u00f6nnen Sie nach Art. 16 DS-GVO eine Berichtigung verlangen. Sollten Ihre Daten unvollst\u00e4ndig sein, k\u00f6nnen Sie eine Vervollst\u00e4ndigung verlangen.<\/span><\/p>\n<h4><span style=\"font-size: 75%;\"><strong>d. Recht auf L\u00f6schung<\/strong><\/span><\/h4>\n<p><span style=\"font-size: 75%;\">Sie k\u00f6nnen nach Art. 17 DS-GVO die L\u00f6schung Ihrer personenbezogenen Daten verlangen.<\/span><\/p>\n<h4><span style=\"font-size: 75%;\"><strong>e. Recht auf Einschr\u00e4nkung der Verarbeitung<\/strong><\/span><\/h4>\n<p><span style=\"font-size: 75%;\">Sie haben nach Art. 18 DS-GVO das Recht, eine Einschr\u00e4nkung der Verarbeitung Ihrer personenbezogenen Daten zu verlangen.<\/span><\/p>\n<h4><span style=\"font-size: 75%;\"><strong>f. Recht auf Beschwerde<\/strong><\/span><\/h4>\n<p><span style=\"font-size: 75%;\">Wenn Sie der Ansicht sind, dass die Verarbeitung Ihrer personenbezogenen Daten gegen Datenschutzrecht verst\u00f6\u00dft, haben Sie nach Ar. 77 Abs. 1 DS-GVO das Recht, sich bei einer Datenschutzaufsichtsbeh\u00f6rde eigener Wahl zu beschweren. Hierzu geh\u00f6rt auch die f\u00fcr den Verantwortlichen zust\u00e4ndige Datenschutzaufsichtsbeh\u00f6rde: Landesbeauftragte f\u00fcr Datenschutz und Informationsfreiheit Nordrhein-Westfalen,\u00a0<em><a href=\"https:\/\/www.ldi.nrw.de\/kontakt\/ihre-beschwerde\">https:\/\/www.ldi.nrw.de\/kontakt\/ihre-beschwerde<\/a>.<\/em><\/span><\/p>\n<h4><span style=\"font-size: 75%;\"><strong>g. Recht auf Daten\u00fcbertragbarkeit<\/strong><\/span><\/h4>\n<p><span style=\"font-size: 75%;\">F\u00fcr den Fall, dass die Voraussetzungen des Art. 20 Abs. 1 DS-GVO vorliegen, steht Ihnen das Recht zu, sich Daten, die wir auf Grundlage Ihrer Einwilligung oder in Erf\u00fcllung eines Vertrags automatisiert verarbeiten, an sich oder an Dritte aush\u00e4ndigen zu lassen. Die Erfassung der Daten zur Bereitstellung der Website und die Speicherung der Protokolldateien sind f\u00fcr den Betrieb der Internetseite zwingend erforderlich. Sie beruhen daher nicht auf einer Einwilligung nach Art. 6 Abs. 1 Buchstabe a DS-GVO oder auf einem Vertrag nach Art. 6 Abs. 1 Buchstabe b DS-GVO, sondern sind nach Art. 6 Abs. 1 Buchstabe f DS-GVO gerechtfertigt. Die Voraussetzungen des Art. 20 Abs. 1 DS-GVO sind demnach insoweit nicht erf\u00fcllt.<\/span><\/p>\n<h2><span style=\"font-size: 75%;\"><strong>II. Recht auf Widerspruch gem\u00e4\u00df Art. 21 Abs. 1 DS-GVO<\/strong><\/span><\/h2>\n<p><span style=\"font-size: 75%;\">Sie haben das Recht, aus Gr\u00fcnden, die sich aus Ihrer besonderen Situation ergeben, jederzeit gegen die Verarbeitung Ihrer personenbezogenen Daten, die aufgrund von Artikel 6 Abs. 1 Buchstabe f DS-GVO erfolgt, Widerspruch einzulegen. Der Verantwortliche verarbeitet die personenbezogenen Daten dann nicht mehr, es sei denn, er kann zwingende schutzw\u00fcrdige Gr\u00fcnde f\u00fcr die Verarbeitung nachweisen, die die Interessen, Rechte und Freiheiten der betroffenen Person \u00fcberwiegen, oder die Verarbeitung dient der Geltendmachung, Aus\u00fcbung oder Verteidigung von Rechtsanspr\u00fcchen. Die Erfassung der Daten zur Bereitstellung der Website und die Speicherung der Protokolldateien sind f\u00fcr den Betrieb der Internetseite zwingend erforderlich.<\/span><\/p>\n\t\t\n<style>\n#text-2319765365 {\n  font-size: 0.75rem;\n  color: rgb(0,0,0);\n}\n#text-2319765365 > * {\n  color: rgb(0,0,0);\n}\n<\/style>\n\t<\/div>\n\t\n\t\t<\/div>\n\t\t\t\t\n<style>\n#col-2012506905 > .col-inner {\n  padding: 30px 30px 30px 30px;\n}\n@media (min-width:550px) {\n  #col-2012506905 > .col-inner {\n    padding: 50px 50px 50px 50px;\n  }\n}\n<\/style>\n\t<\/div>\n\n\t\n<\/div>\n\t<div id=\"gap-983148057\" class=\"gap-element clearfix\" style=\"display:block; height:auto;\">\n\t\t\n<style>\n#gap-983148057 {\n  padding-top: 60px;\n}\n<\/style>\n\t<\/div>\n\t\n","protected":false},"excerpt":{"rendered":"","protected":false},"author":2,"featured_media":0,"parent":0,"menu_order":0,"comment_status":"closed","ping_status":"open","template":"page-blank.php","meta":{"footnotes":""},"class_list":["post-3","page","type-page","status-publish","hentry"],"_links":{"self":[{"href":"https:\/\/eddsec.de\/en\/wp-json\/wp\/v2\/pages\/3","targetHints":{"allow":["GET"]}}],"collection":[{"href":"https:\/\/eddsec.de\/en\/wp-json\/wp\/v2\/pages"}],"about":[{"href":"https:\/\/eddsec.de\/en\/wp-json\/wp\/v2\/types\/page"}],"author":[{"embeddable":true,"href":"https:\/\/eddsec.de\/en\/wp-json\/wp\/v2\/users\/2"}],"replies":[{"embeddable":true,"href":"https:\/\/eddsec.de\/en\/wp-json\/wp\/v2\/comments?post=3"}],"version-history":[{"count":4,"href":"https:\/\/eddsec.de\/en\/wp-json\/wp\/v2\/pages\/3\/revisions"}],"predecessor-version":[{"id":770,"href":"https:\/\/eddsec.de\/en\/wp-json\/wp\/v2\/pages\/3\/revisions\/770"}],"wp:attachment":[{"href":"https:\/\/eddsec.de\/en\/wp-json\/wp\/v2\/media?parent=3"}],"curies":[{"name":"wp","href":"https:\/\/api.w.org\/{rel}","templated":true}]}}