{"id":37,"date":"2023-07-02T10:35:43","date_gmt":"2023-07-02T08:35:43","guid":{"rendered":"https:\/\/eddsec.de\/?page_id=37"},"modified":"2023-08-14T15:39:47","modified_gmt":"2023-08-14T13:39:47","slug":"luftsicherheit","status":"publish","type":"page","link":"https:\/\/eddsec.de\/en\/luftsicherheit\/","title":{"rendered":"Luftsicherheit"},"content":{"rendered":"<div class=\"banner has-hover\" id=\"banner-328950026\">\n          <div class=\"banner-inner fill\">\n        <div class=\"banner-bg fill\" >\n            <div class=\"bg fill bg-fill\"><\/div>\n                        <div class=\"overlay\"><\/div>            \n                    <\/div>\n\t\t\n\t<div class=\"ux-shape-divider ux-shape-divider--bottom ux-shape-divider--style-tilt\">\n\t\t<svg viewbox=\"0 0 1000 100\" xmlns=\"http:\/\/www.w3.org\/2000\/svg\" preserveaspectratio=\"none\">\n\t<path class=\"ux-shape-fill\" d=\"M1000 100V0L-40 100H1000Z\"\/>\n<\/svg>\n\t<\/div>\n        <div class=\"banner-layers container\">\n            <div class=\"fill banner-link\"><\/div>            \n        <\/div>\n      <\/div>\n\n            \n<style>\n#banner-328950026 {\n  padding-top: 300px;\n}\n#banner-328950026 .bg.bg-loaded {\n  background-image: url(https:\/\/eddsec.de\/wp-content\/uploads\/2023\/07\/IMG_2946.jpg);\n}\n#banner-328950026 .overlay {\n  background-color: rgba(0, 0, 0, 0.279);\n}\n#banner-328950026 .bg {\n  background-position: 42% 10%;\n}\n#banner-328950026 .ux-shape-divider--bottom svg {\n  height: 41px;\n  --divider-width: 100%;\n}\n#banner-328950026 .ux-shape-divider--bottom .ux-shape-fill {\n  fill: #ee220c;\n}\n@media (min-width:550px) {\n  #banner-328950026 {\n    padding-top: 470px;\n  }\n}\n<\/style>\n  <\/div>\n\n\n<div class=\"row align-equal\"  id=\"row-1725264216\">\n\n\t<div id=\"col-2035815558\" class=\"col medium-12 small-12 large-8\"  data-animate=\"fadeInUp\">\n\t\t\t\t<div class=\"col-inner box-shadow-4\" style=\"background-color:rgb(255,255,255);\" >\n\t\t\t\n\t\t\t\n\t<div id=\"text-3717683329\" class=\"text\">\n\t\t\n<h1>Sprengstoffsp\u00fcrhunde-Teams zur Kontrolle von Fracht und Post<\/h1>\n\t\t\n<style>\n#text-3717683329 {\n  font-size: 1.25rem;\n}\n@media (min-width:550px) {\n  #text-3717683329 {\n    font-size: 1.25rem;\n  }\n}\n<\/style>\n\t<\/div>\n\t\n<h5>Die EDDSEC GmbH bietet Sprengstoffsp\u00fcrhunde-Teams ( SSHT) zur Kontrolle von Luftfracht und Post gem\u00e4\u00df Kap. 12.9 der DVO (EU) 2015\/1998.<\/h5>\n<p>Sprengstoffsp\u00fcrhunde spielen eine entscheidende Rolle bei der Kontrolle von Luftfracht und haben ihren festen Platz in der sicheren Lieferkette.\u00a0<\/p>\n<p>Unsere speziell ausgebildeten Hunde sind in der Lage, Sprengstoffe und explosive Substanzen zu detektieren, die f\u00fcr die Sicherheit des Luftverkehrs eine potenzielle Bedrohung darstellen k\u00f6nnten.<\/p>\n<p>Alle Diensthundef\u00fchrer der EDDSEC GmbH sind als Kontrollkr\u00e4ften (Kap. 11.2.3.2*) gepr\u00fcft, nach der Kontrolle mit Ihren Sprengstoffsp\u00fcrhunden kann der n\u00f6tige Sicherheitsstatus zum Verladen der Fracht vergeben werden.<\/p>\n<p>Unsere durch das Luftfahrt-Bundesamt zugelassenen Teams sind eine sinnvolle Erg\u00e4nzung in Ihrem Sicherheitsprogramm.<\/p>\n\n\t\t<div class=\"icon-box featured-box icon-box-left text-left is-large\"  >\n\t\t\t\t\t<div class=\"icon-box-img\" style=\"width: 30px\">\n\t\t\t\t<div class=\"icon\">\n\t\t\t\t\t<div class=\"icon-inner\" style=\"color:rgb(238, 34, 12);\">\n\t\t\t\t\t\t<svg xmlns=\"http:\/\/www.w3.org\/2000\/svg\" height=\"48\" viewbox=\"0 -960 960 960\" width=\"48\"><path d=\"M480.12-74.022q-84.794 0-158.867-31.759T192.36-192.36q-54.82-54.82-86.579-128.893-31.76-74.073-31.76-158.867 0-84.554 31.703-158.642t86.579-128.893q54.877-54.805 128.95-86.684Q395.326-886.218 480-886.218q65.152 0 123.207 18.725 58.054 18.724 107.011 52.145l-63.87 64.109q-36.478-21.957-78.335-34.435-41.857-12.478-88.013-12.478-132.736 0-225.444 92.578-92.708 92.577-92.708 225.532 0 132.716 92.695 225.455t225.413 92.739q132.718 0 225.457-92.709 92.739-92.71 92.739-225.443 0-18.035-1.858-34.809-1.859-16.775-5.577-32.974l71.109-70.869q11.957 32.434 18.174 66.935 6.218 34.5 6.218 71.533 0 84.858-31.879 158.931-31.879 74.073-86.684 128.95-54.805 54.876-128.893 86.579-74.088 31.702-158.642 31.702Zm-56.316-219.63L251.13-467.326l61.392-61.391 112.043 112.043 400.022-400.022 61.631 60.631-462.414 462.413Z\"\/><\/svg>\t\t\t\t\t<\/div>\n\t\t\t\t<\/div>\n\t\t\t<\/div>\n\t\t\t\t<div class=\"icon-box-text last-reset\">\n\t\t\t\t\t\t\t\t\t\n<ul>\n<li>Frachtst\u00fccke mit hoher Dichte (DARC-Alarm) oder sperrigem Packma\u00df bringen die \u00fcblichen Kontrollmethoden h\u00e4ufig an ihre Grenzen.<\/li>\n<\/ul>\n\t\t<\/div>\n\t<\/div>\n\t\n\t\n\n\t\t<div class=\"icon-box featured-box icon-box-left text-left is-large\"  >\n\t\t\t\t\t<div class=\"icon-box-img\" style=\"width: 30px\">\n\t\t\t\t<div class=\"icon\">\n\t\t\t\t\t<div class=\"icon-inner\" style=\"color:rgb(238, 34, 12);\">\n\t\t\t\t\t\t<svg xmlns=\"http:\/\/www.w3.org\/2000\/svg\" height=\"48\" viewbox=\"0 -960 960 960\" width=\"48\"><path d=\"M480.12-74.022q-84.794 0-158.867-31.759T192.36-192.36q-54.82-54.82-86.579-128.893-31.76-74.073-31.76-158.867 0-84.554 31.703-158.642t86.579-128.893q54.877-54.805 128.95-86.684Q395.326-886.218 480-886.218q65.152 0 123.207 18.725 58.054 18.724 107.011 52.145l-63.87 64.109q-36.478-21.957-78.335-34.435-41.857-12.478-88.013-12.478-132.736 0-225.444 92.578-92.708 92.577-92.708 225.532 0 132.716 92.695 225.455t225.413 92.739q132.718 0 225.457-92.709 92.739-92.71 92.739-225.443 0-18.035-1.858-34.809-1.859-16.775-5.577-32.974l71.109-70.869q11.957 32.434 18.174 66.935 6.218 34.5 6.218 71.533 0 84.858-31.879 158.931-31.879 74.073-86.684 128.95-54.805 54.876-128.893 86.579-74.088 31.702-158.642 31.702Zm-56.316-219.63L251.13-467.326l61.392-61.391 112.043 112.043 400.022-400.022 61.631 60.631-462.414 462.413Z\"\/><\/svg>\t\t\t\t\t<\/div>\n\t\t\t\t<\/div>\n\t\t\t<\/div>\n\t\t\t\t<div class=\"icon-box-text last-reset\">\n\t\t\t\t\t\t\t\t\t\n<ul>\n<li>Der Einsatz von Sprengstoffsp\u00fcrhunden ist eine schnelle und praktische Alternative.<\/li>\n<\/ul>\n\t\t<\/div>\n\t<\/div>\n\t\n\t\n\n\t\t<div class=\"icon-box featured-box icon-box-left text-left is-large\"  >\n\t\t\t\t\t<div class=\"icon-box-img\" style=\"width: 30px\">\n\t\t\t\t<div class=\"icon\">\n\t\t\t\t\t<div class=\"icon-inner\" style=\"color:rgb(238, 34, 12);\">\n\t\t\t\t\t\t<svg xmlns=\"http:\/\/www.w3.org\/2000\/svg\" height=\"48\" viewbox=\"0 -960 960 960\" width=\"48\"><path d=\"M480.12-74.022q-84.794 0-158.867-31.759T192.36-192.36q-54.82-54.82-86.579-128.893-31.76-74.073-31.76-158.867 0-84.554 31.703-158.642t86.579-128.893q54.877-54.805 128.95-86.684Q395.326-886.218 480-886.218q65.152 0 123.207 18.725 58.054 18.724 107.011 52.145l-63.87 64.109q-36.478-21.957-78.335-34.435-41.857-12.478-88.013-12.478-132.736 0-225.444 92.578-92.708 92.577-92.708 225.532 0 132.716 92.695 225.455t225.413 92.739q132.718 0 225.457-92.709 92.739-92.71 92.739-225.443 0-18.035-1.858-34.809-1.859-16.775-5.577-32.974l71.109-70.869q11.957 32.434 18.174 66.935 6.218 34.5 6.218 71.533 0 84.858-31.879 158.931-31.879 74.073-86.684 128.95-54.805 54.876-128.893 86.579-74.088 31.702-158.642 31.702Zm-56.316-219.63L251.13-467.326l61.392-61.391 112.043 112.043 400.022-400.022 61.631 60.631-462.414 462.413Z\"\/><\/svg>\t\t\t\t\t<\/div>\n\t\t\t\t<\/div>\n\t\t\t<\/div>\n\t\t\t\t<div class=\"icon-box-text last-reset\">\n\t\t\t\t\t\t\t\t\t\n<ul>\n<li>Schon nach kurzer Einsatzzeit wird mit Hilfe unserer Teams der Status &#8222;SPX by EDD&#8220; vergeben.<\/li>\n<\/ul>\n\t\t<\/div>\n\t<\/div>\n\t\n\t\n\t<div id=\"gap-765083129\" class=\"gap-element clearfix\" style=\"display:block; height:auto;\">\n\t\t\n<style>\n#gap-765083129 {\n  padding-top: 30px;\n}\n<\/style>\n\t<\/div>\n\t\n<a href=\"https:\/\/eddsec.de\/en\/kontakt\/\" target=\"_self\" class=\"button secondary\"  style=\"padding:7px 40px 7px 40px;\">\n    <span>KONTAKT<\/span>\n  <\/a>\n\n\t<div id=\"gap-850476242\" class=\"gap-element clearfix\" style=\"display:block; height:auto;\">\n\t\t\n<style>\n#gap-850476242 {\n  padding-top: 30px;\n}\n<\/style>\n\t<\/div>\n\t\n<div class=\"message-box relative dark\" style=\"padding-top:5px;padding-bottom:5px;\"><div class=\"message-box-bg-image bg-fill fill\" ><\/div><div class=\"message-box-bg-overlay bg-fill fill\" style=\"background-color:rgb(238, 34, 12);\"><\/div><div class=\"container relative\"><div class=\"inner last-reset\">\n<div class=\"row align-middle align-center\"  id=\"row-827943927\">\n\n\t<div id=\"col-433771871\" class=\"col medium-8 small-12 large-8\"  >\n\t\t\t\t<div class=\"col-inner\"  >\n\t\t\t\n\t\t\t\n\t<div id=\"text-2992311813\" class=\"text\">\n\t\t\n<h5><strong>Reibungslose Zusammenarbeit durch Ihren pers\u00f6nlichen Zugang zum <\/strong><strong>EDDSEC-Cloudnetzwerk:<\/strong><br \/><strong>Zulassungen, Einsatz- oder Trainingsnachweise-<\/strong><br \/><strong>alles was Sie ben\u00f6tigen, f\u00fcr unsere Partner nur wenige Mausklicks entfernt!<\/strong><\/h5>\n\t\t\n<style>\n#text-2992311813 {\n  font-size: 0.85rem;\n}\n<\/style>\n\t<\/div>\n\t\n\t<div id=\"gap-797857217\" class=\"gap-element clearfix\" style=\"display:block; height:auto;\">\n\t\t\n<style>\n#gap-797857217 {\n  padding-top: 30px;\n}\n@media (min-width:550px) {\n  #gap-797857217 {\n    padding-top: 0px;\n  }\n}\n<\/style>\n\t<\/div>\n\t\n\t\t<\/div>\n\t\t\t\t\t<\/div>\n\n\t\n\n\t<div id=\"col-1482245725\" class=\"col medium-3 small-12 large-3\"  >\n\t\t\t\t<div class=\"col-inner text-center\"  >\n\t\t\t\n\t\t\t\n<a class=\"button white expand\"  style=\"border-radius:99px;padding:7px 0px 7px 0px;\">\n    <span>Kontakt<\/span>\n  <\/a>\n\n\t\t<\/div>\n\t\t\t\t\t<\/div>\n\n\t\n<\/div>\n<\/div><\/div><\/div>\n\t\t<\/div>\n\t\t\t\t\n<style>\n#col-2035815558 > .col-inner {\n  padding: 30px 30px 50px 30px;\n  margin: -110px 0px 0px 0px;\n}\n@media (min-width:550px) {\n  #col-2035815558 > .col-inner {\n    padding: 50px 40px 30px 40px;\n  }\n}\n<\/style>\n\t<\/div>\n\n\t\n\n\t<div id=\"col-244266631\" class=\"col medium-12 small-12 large-4\"  data-animate=\"fadeInUp\">\n\t\t\t\t<div class=\"col-inner box-shadow-4\" style=\"background-color:rgb(255,255,255);\" >\n\t\t\t\n\t\t\t\n\t<div class=\"img has-hover x md-x lg-x y md-y lg-y\" id=\"image_605338934\">\n\t\t\t\t\t\t\t\t<div class=\"img-inner image-cover dark\" style=\"padding-top:75%;\">\n\t\t\t<img loading=\"lazy\" decoding=\"async\" width=\"2560\" height=\"1920\" src=\"https:\/\/eddsec.de\/wp-content\/uploads\/2023\/08\/IMG_2911-scaled.jpeg\" class=\"attachment-original size-original\" alt=\"\" srcset=\"https:\/\/eddsec.de\/wp-content\/uploads\/2023\/08\/IMG_2911-scaled.jpeg 2560w, https:\/\/eddsec.de\/wp-content\/uploads\/2023\/08\/IMG_2911-300x225.jpeg 300w, https:\/\/eddsec.de\/wp-content\/uploads\/2023\/08\/IMG_2911-1024x768.jpeg 1024w, https:\/\/eddsec.de\/wp-content\/uploads\/2023\/08\/IMG_2911-768x576.jpeg 768w, https:\/\/eddsec.de\/wp-content\/uploads\/2023\/08\/IMG_2911-1536x1152.jpeg 1536w, https:\/\/eddsec.de\/wp-content\/uploads\/2023\/08\/IMG_2911-2048x1536.jpeg 2048w, https:\/\/eddsec.de\/wp-content\/uploads\/2023\/08\/IMG_2911-16x12.jpeg 16w\" sizes=\"auto, (max-width: 2560px) 100vw, 2560px\" \/>\t\t\t\t\t\t\n\t\t\t\t\t<\/div>\n\t\t\t\t\t\t\t\t\n<style>\n#image_605338934 {\n  width: 100%;\n}\n@media (min-width:550px) {\n  #image_605338934 {\n    width: 100%;\n  }\n}\n<\/style>\n\t<\/div>\n\t\n\t<div id=\"text-361620957\" class=\"text chevron\">\n\t\t\n<ul>\n<li><strong>LBA zugelassene Sprengstoffsp\u00fcrhunde -Teams gem\u00e4\u00df Kapitel 12.9.2.3 der DVO (EU) 2015\/1998.<\/strong><\/li>\n<li><strong>Unsere Teams werden hausintern durch einen zugelassenen <\/strong><strong>Ausbilder weit \u00fcber dem vorgeschriebenen Standard geschult und trainiert.<\/strong><\/li>\n<li><strong>Flexibel einsetzbar z.B. an den Einsatzorten CGN, DUS &amp; FRA.<\/strong><\/li>\n<\/ul>\n\t\t\n<style>\n#text-361620957 {\n  font-size: 1.1rem;\n}\n<\/style>\n\t<\/div>\n\t\n\t\t<\/div>\n\t\t\t\t\n<style>\n#col-244266631 > .col-inner {\n  padding: 30px 30px 30px 30px;\n  margin: 0px 0px 0px 0px;\n}\n@media (min-width:550px) {\n  #col-244266631 > .col-inner {\n    padding: 50px 40px 30px 40px;\n  }\n}\n@media (min-width:850px) {\n  #col-244266631 > .col-inner {\n    margin: -110px 0px 0px 0px;\n  }\n}\n<\/style>\n\t<\/div>\n\n\t\n<\/div>\n\t<div id=\"gap-129257406\" class=\"gap-element clearfix\" style=\"display:block; height:auto;\">\n\t\t\n<style>\n#gap-129257406 {\n  padding-top: 30px;\n}\n@media (min-width:550px) {\n  #gap-129257406 {\n    padding-top: 60px;\n  }\n}\n<\/style>\n\t<\/div>","protected":false},"excerpt":{"rendered":"","protected":false},"author":2,"featured_media":0,"parent":0,"menu_order":0,"comment_status":"closed","ping_status":"closed","template":"page-blank.php","meta":{"footnotes":""},"class_list":["post-37","page","type-page","status-publish","hentry"],"_links":{"self":[{"href":"https:\/\/eddsec.de\/en\/wp-json\/wp\/v2\/pages\/37","targetHints":{"allow":["GET"]}}],"collection":[{"href":"https:\/\/eddsec.de\/en\/wp-json\/wp\/v2\/pages"}],"about":[{"href":"https:\/\/eddsec.de\/en\/wp-json\/wp\/v2\/types\/page"}],"author":[{"embeddable":true,"href":"https:\/\/eddsec.de\/en\/wp-json\/wp\/v2\/users\/2"}],"replies":[{"embeddable":true,"href":"https:\/\/eddsec.de\/en\/wp-json\/wp\/v2\/comments?post=37"}],"version-history":[{"count":83,"href":"https:\/\/eddsec.de\/en\/wp-json\/wp\/v2\/pages\/37\/revisions"}],"predecessor-version":[{"id":767,"href":"https:\/\/eddsec.de\/en\/wp-json\/wp\/v2\/pages\/37\/revisions\/767"}],"wp:attachment":[{"href":"https:\/\/eddsec.de\/en\/wp-json\/wp\/v2\/media?parent=37"}],"curies":[{"name":"wp","href":"https:\/\/api.w.org\/{rel}","templated":true}]}}