{"id":42,"date":"2023-07-02T10:36:08","date_gmt":"2023-07-02T08:36:08","guid":{"rendered":"https:\/\/eddsec.de\/?page_id=42"},"modified":"2023-08-13T01:26:12","modified_gmt":"2023-08-12T23:26:12","slug":"ausbildung-training","status":"publish","type":"page","link":"https:\/\/eddsec.de\/en\/ausbildung-training\/","title":{"rendered":"Ausbildung &#038; Training"},"content":{"rendered":"<div class=\"banner has-hover\" id=\"banner-563517205\">\n          <div class=\"banner-inner fill\">\n        <div class=\"banner-bg fill\" >\n            <div class=\"bg fill bg-fill\"><\/div>\n                        <div class=\"overlay\"><\/div>            \n                    <\/div>\n\t\t\n\t<div class=\"ux-shape-divider ux-shape-divider--bottom ux-shape-divider--style-tilt\">\n\t\t<svg viewbox=\"0 0 1000 100\" xmlns=\"http:\/\/www.w3.org\/2000\/svg\" preserveaspectratio=\"none\">\n\t<path class=\"ux-shape-fill\" d=\"M1000 100V0L-40 100H1000Z\"\/>\n<\/svg>\n\t<\/div>\n        <div class=\"banner-layers container\">\n            <div class=\"fill banner-link\"><\/div>            \n        <\/div>\n      <\/div>\n\n            \n<style>\n#banner-563517205 {\n  padding-top: 300px;\n}\n#banner-563517205 .bg.bg-loaded {\n  background-image: url(https:\/\/eddsec.de\/wp-content\/uploads\/2023\/07\/image0.jpeg);\n}\n#banner-563517205 .overlay {\n  background-color: rgba(0, 0, 0, 0.279);\n}\n#banner-563517205 .bg {\n  background-position: 31% 52%;\n}\n#banner-563517205 .ux-shape-divider--bottom svg {\n  height: 41px;\n  --divider-width: 100%;\n}\n#banner-563517205 .ux-shape-divider--bottom .ux-shape-fill {\n  fill: #ee220c;\n}\n@media (min-width:550px) {\n  #banner-563517205 {\n    padding-top: 470px;\n  }\n}\n<\/style>\n  <\/div>\n\n\n<div class=\"row align-equal\"  id=\"row-950186760\">\n\n\t<div id=\"col-2059248232\" class=\"col medium-12 small-12 large-8\"  data-animate=\"fadeInUp\">\n\t\t\t\t<div class=\"col-inner box-shadow-4\" style=\"background-color:rgb(255,255,255);\" >\n\t\t\t\n\t\t\t\n\t<div id=\"text-1297414767\" class=\"text\">\n\t\t\n<h1>Ausbildung &amp; Training<\/h1>\n\t\t\n<style>\n#text-1297414767 {\n  font-size: 1.25rem;\n}\n@media (min-width:550px) {\n  #text-1297414767 {\n    font-size: 1.25rem;\n  }\n}\n<\/style>\n\t<\/div>\n\t\n<p><span style=\"font-size: 14.4px;\">Die umfangreiche Ausbildung unserer <\/span>Sprengstoffsp\u00fcrhunde-Teams liegt uns besonders am Herzen. Alle Schulungen werden weit \u00fcber den beh\u00f6rdlichen Anforderungen, hausintern, durch einen zugelassenen Ausbilder gem\u00e4\u00df Kap. 12.9.2.3 der DVO (EU) 2015\/1998 durchgef\u00fchrt.<\/p>\n<p>Wir f\u00fchren Erst- und Erhaltungsschulungen, Wiederholungsschulungen sowie die vorgeschriebenen betrieblichen Schulungen und internen Qualit\u00e4tsma\u00dfnahmen fortlaufend durch. Unsere Trainingsnachweise stehen Dank der EDDSEC-Cloud unseren Partnern und Mitarbeitern jederzeit zur Verf\u00fcgung.<\/p>\n<p><span style=\"font-size: 14.4px;\">Dank moderner und tierschutz-gerechter Ausbildung sind unsere Teams zu jeder Zeit hochmotiviert und einsatzbereit.<\/span><\/p>\n<p>\u00a0<\/p>\n<a href=\"https:\/\/eddsec.de\/en\/kontakt\/\" target=\"_self\" class=\"button secondary\"  style=\"padding:7px 40px 7px 40px;\">\n    <span>KONTAKT<\/span>\n  <\/a>\n\n\t\t<\/div>\n\t\t\t\t\n<style>\n#col-2059248232 > .col-inner {\n  padding: 30px 30px 50px 30px;\n  margin: -110px 0px 0px 0px;\n}\n@media (min-width:550px) {\n  #col-2059248232 > .col-inner {\n    padding: 50px 40px 30px 40px;\n  }\n}\n<\/style>\n\t<\/div>\n\n\t\n\n\t<div id=\"col-778121644\" class=\"col medium-12 small-12 large-4\"  data-animate=\"fadeInUp\">\n\t\t\t\t<div class=\"col-inner box-shadow-4\" style=\"background-color:rgb(255,255,255);\" >\n\t\t\t\n\t\t\t\n\t<div class=\"img has-hover x md-x lg-x y md-y lg-y\" id=\"image_1898338906\">\n\t\t\t\t\t\t\t\t<div class=\"img-inner dark\" >\n\t\t\t<img loading=\"lazy\" decoding=\"async\" width=\"1688\" height=\"1126\" src=\"https:\/\/eddsec.de\/wp-content\/uploads\/2023\/07\/image0.jpeg\" class=\"attachment-original size-original\" alt=\"\" srcset=\"https:\/\/eddsec.de\/wp-content\/uploads\/2023\/07\/image0.jpeg 1688w, https:\/\/eddsec.de\/wp-content\/uploads\/2023\/07\/image0-300x200.jpeg 300w, https:\/\/eddsec.de\/wp-content\/uploads\/2023\/07\/image0-1024x683.jpeg 1024w, https:\/\/eddsec.de\/wp-content\/uploads\/2023\/07\/image0-768x512.jpeg 768w, https:\/\/eddsec.de\/wp-content\/uploads\/2023\/07\/image0-1536x1025.jpeg 1536w, https:\/\/eddsec.de\/wp-content\/uploads\/2023\/07\/image0-18x12.jpeg 18w\" sizes=\"auto, (max-width: 1688px) 100vw, 1688px\" \/>\t\t\t\t\t\t\n\t\t\t\t\t<\/div>\n\t\t\t\t\t\t\t\t\n<style>\n#image_1898338906 {\n  width: 100%;\n}\n@media (min-width:550px) {\n  #image_1898338906 {\n    width: 100%;\n  }\n}\n<\/style>\n\t<\/div>\n\t\n\t<div id=\"text-2234064972\" class=\"text chevron\">\n\t\t\n<ul>\n<li>Schulungen von Sprengstoffsp\u00fcrhunde-Teams gem. Kap.12.9 der DVO (EU) 2015\/1998\u00a0<\/li>\n<li>Erfahrene und kompetente Diensthundeausbildung<\/li>\n<li>Zeitgem\u00e4\u00dfe und Tierschutzgerechte Ausbildungsmethodik<\/li>\n<li>Id nihil dolor qui facilis consequatur cum distinctio voluptas non ullam nulla.<\/li>\n<\/ul>\n\t\t\t<\/div>\n\t\n\t\t<\/div>\n\t\t\t\t\n<style>\n#col-778121644 > .col-inner {\n  padding: 30px 30px 30px 30px;\n  margin: 0px 0px 0px 0px;\n}\n@media (min-width:550px) {\n  #col-778121644 > .col-inner {\n    padding: 50px 40px 30px 40px;\n  }\n}\n@media (min-width:850px) {\n  #col-778121644 > .col-inner {\n    margin: -110px 0px 0px 0px;\n  }\n}\n<\/style>\n\t<\/div>\n\n\t\n<\/div>\n\t<div id=\"gap-1333061438\" class=\"gap-element clearfix\" style=\"display:block; height:auto;\">\n\t\t\n<style>\n#gap-1333061438 {\n  padding-top: 30px;\n}\n@media (min-width:550px) {\n  #gap-1333061438 {\n    padding-top: 60px;\n  }\n}\n<\/style>\n\t<\/div>","protected":false},"excerpt":{"rendered":"","protected":false},"author":2,"featured_media":0,"parent":0,"menu_order":0,"comment_status":"closed","ping_status":"closed","template":"page-blank.php","meta":{"footnotes":""},"class_list":["post-42","page","type-page","status-publish","hentry"],"_links":{"self":[{"href":"https:\/\/eddsec.de\/en\/wp-json\/wp\/v2\/pages\/42","targetHints":{"allow":["GET"]}}],"collection":[{"href":"https:\/\/eddsec.de\/en\/wp-json\/wp\/v2\/pages"}],"about":[{"href":"https:\/\/eddsec.de\/en\/wp-json\/wp\/v2\/types\/page"}],"author":[{"embeddable":true,"href":"https:\/\/eddsec.de\/en\/wp-json\/wp\/v2\/users\/2"}],"replies":[{"embeddable":true,"href":"https:\/\/eddsec.de\/en\/wp-json\/wp\/v2\/comments?post=42"}],"version-history":[{"count":23,"href":"https:\/\/eddsec.de\/en\/wp-json\/wp\/v2\/pages\/42\/revisions"}],"predecessor-version":[{"id":766,"href":"https:\/\/eddsec.de\/en\/wp-json\/wp\/v2\/pages\/42\/revisions\/766"}],"wp:attachment":[{"href":"https:\/\/eddsec.de\/en\/wp-json\/wp\/v2\/media?parent=42"}],"curies":[{"name":"wp","href":"https:\/\/api.w.org\/{rel}","templated":true}]}}