{"id":583,"date":"2023-07-23T20:11:22","date_gmt":"2023-07-23T18:11:22","guid":{"rendered":"https:\/\/eddsec.de\/?page_id=583"},"modified":"2023-07-31T19:14:41","modified_gmt":"2023-07-31T17:14:41","slug":"diensthundeteams-fuer-bewachungsaufgaben","status":"publish","type":"page","link":"https:\/\/eddsec.de\/en\/diensthundeteams-fuer-bewachungsaufgaben\/","title":{"rendered":"Diensthundeteams f\u00fcr Bewachungsaufgaben"},"content":{"rendered":"<div class=\"banner has-hover\" id=\"banner-206451363\">\n          <div class=\"banner-inner fill\">\n        <div class=\"banner-bg fill\" >\n            <div class=\"bg fill bg-fill\"><\/div>\n                        <div class=\"overlay\"><\/div>            \n                    <\/div>\n\t\t\n\t<div class=\"ux-shape-divider ux-shape-divider--bottom ux-shape-divider--style-tilt\">\n\t\t<svg viewbox=\"0 0 1000 100\" xmlns=\"http:\/\/www.w3.org\/2000\/svg\" preserveaspectratio=\"none\">\n\t<path class=\"ux-shape-fill\" d=\"M1000 100V0L-40 100H1000Z\"\/>\n<\/svg>\n\t<\/div>\n        <div class=\"banner-layers container\">\n            <div class=\"fill banner-link\"><\/div>            \n        <\/div>\n      <\/div>\n\n            \n<style>\n#banner-206451363 {\n  padding-top: 300px;\n}\n#banner-206451363 .bg.bg-loaded {\n  background-image: url(https:\/\/eddsec.de\/wp-content\/uploads\/2023\/07\/eddsec-securite.jpg);\n}\n#banner-206451363 .overlay {\n  background-color: rgba(0, 0, 0, 0.279);\n}\n#banner-206451363 .bg {\n  background-position: 67% 74%;\n}\n#banner-206451363 .ux-shape-divider--bottom svg {\n  height: 41px;\n  --divider-width: 100%;\n}\n#banner-206451363 .ux-shape-divider--bottom .ux-shape-fill {\n  fill: #ee220c;\n}\n@media (min-width:550px) {\n  #banner-206451363 {\n    padding-top: 470px;\n  }\n}\n<\/style>\n  <\/div>\n\n\n<div class=\"row align-equal\"  id=\"row-1550189001\">\n\n\t<div id=\"col-1233493498\" class=\"col medium-12 small-12 large-8\"  data-animate=\"fadeInUp\">\n\t\t\t\t<div class=\"col-inner box-shadow-4\" style=\"background-color:rgb(255,255,255);\" >\n\t\t\t\n\t\t\t\n\t<div id=\"text-2482720509\" class=\"text\">\n\t\t\n<h1>Diensthunde-Teams f\u00fcr Bewachungsaufgaben<\/h1>\n\t\t\n<style>\n#text-2482720509 {\n  font-size: 1.25rem;\n}\n@media (min-width:550px) {\n  #text-2482720509 {\n    font-size: 1.25rem;\n  }\n}\n<\/style>\n\t<\/div>\n\t\n<p>Der Einsatz von Mensch-Hund-Teams im Wachdienst ist ein wertvolles Einsatzmittel, wenn es um die Sicherheit von Menschen und Eigentum geht.<span class=\"Apple-converted-space\">\u00a0<\/span><\/p>\n<p>Dank ihrer nat\u00fcrlichen Instinkte und einer fachlichen Ausbildung sind unsere Diensthunde in der Lage, eine Vielzahl von Aufgaben zu erf\u00fcllen und potenzielle Bedrohungen fr\u00fchzeitig zu erkennen.<\/p>\n<p>Der Einsatz unserer Diensthunde-Teams bietet verschiedene Vorteilen: Ihr ausgepr\u00e4gter Geruchssinn erm\u00f6glicht es ihnen versteckte Personen aufzusp\u00fcren, ihre Pr\u00e4senz allein kann abschreckend wirken und pr\u00e4ventiv Straftaten verhindern.<\/p>\n<p>Diensthunde f\u00fcr Bewachungsaufgaben sind eine unverzichtbare Ressource f\u00fcr die Sicherheit. Ihre F\u00e4higkeiten und ihr Einsatzpotenzial tragen ma\u00dfgeblich zur Gew\u00e4hrleistung der \u00f6ffentlichen Sicherheit bei.<\/p>\n<p>Wenn es um den Schutz von Personen und Objekten geht, ist der Einsatz unserer Diensthunde-Teams eine Investition, die sich auszahlt.<\/p>\n<a href=\"https:\/\/eddsec.de\/en\/kontakt\/\" target=\"_self\" class=\"button secondary\"  style=\"padding:7px 40px 7px 40px;\">\n    <span>KONTAKT<\/span>\n  <\/a>\n\n\t\t<\/div>\n\t\t\t\t\n<style>\n#col-1233493498 > .col-inner {\n  padding: 30px 30px 50px 30px;\n  margin: -110px 0px 0px 0px;\n}\n@media (min-width:550px) {\n  #col-1233493498 > .col-inner {\n    padding: 50px 40px 30px 40px;\n  }\n}\n<\/style>\n\t<\/div>\n\n\t\n\n\t<div id=\"col-656675580\" class=\"col medium-12 small-12 large-4\"  data-animate=\"fadeInUp\">\n\t\t\t\t<div class=\"col-inner box-shadow-4\" style=\"background-color:rgb(255,255,255);\" >\n\t\t\t\n\t\t\t\n\t<div class=\"img has-hover x md-x lg-x y md-y lg-y\" id=\"image_1425480937\">\n\t\t\t\t\t\t\t\t<div class=\"img-inner dark\" >\n\t\t\t<img loading=\"lazy\" decoding=\"async\" width=\"1000\" height=\"1000\" src=\"https:\/\/eddsec.de\/wp-content\/uploads\/2023\/07\/edd-dog-3.jpeg\" class=\"attachment-original size-original\" alt=\"\" srcset=\"https:\/\/eddsec.de\/wp-content\/uploads\/2023\/07\/edd-dog-3.jpeg 1000w, https:\/\/eddsec.de\/wp-content\/uploads\/2023\/07\/edd-dog-3-300x300.jpeg 300w, https:\/\/eddsec.de\/wp-content\/uploads\/2023\/07\/edd-dog-3-150x150.jpeg 150w, https:\/\/eddsec.de\/wp-content\/uploads\/2023\/07\/edd-dog-3-768x768.jpeg 768w\" sizes=\"auto, (max-width: 1000px) 100vw, 1000px\" \/>\t\t\t\t\t\t\n\t\t\t\t\t<\/div>\n\t\t\t\t\t\t\t\t\n<style>\n#image_1425480937 {\n  width: 100%;\n}\n@media (min-width:550px) {\n  #image_1425480937 {\n    width: 100%;\n  }\n}\n<\/style>\n\t<\/div>\n\t\n\t<div id=\"text-1708758508\" class=\"text chevron\">\n\t\t\n<ul>\n<li>Sachkundige Diensthundef\u00fchrer gem\u00e4\u00df \u00a734a GewO.<\/li>\n<li>Gepr\u00fcfte Diensthunde gem\u00e4\u00df DGUV 23 DA.<\/li>\n<li>Professionell geschulte Mensch-Hund-Teams, pr\u00e4ventiv und deeskalierend.<\/li>\n<li>Verf\u00fcgbar im Rhein- &#038; Ruhrgebiet.<\/li>\n<\/ul>\n\t\t\t<\/div>\n\t\n\t\t<\/div>\n\t\t\t\t\n<style>\n#col-656675580 > .col-inner {\n  padding: 30px 30px 30px 30px;\n  margin: 0px 0px 0px 0px;\n}\n@media (min-width:550px) {\n  #col-656675580 > .col-inner {\n    padding: 50px 40px 30px 40px;\n  }\n}\n@media (min-width:850px) {\n  #col-656675580 > .col-inner {\n    margin: -110px 0px 0px 0px;\n  }\n}\n<\/style>\n\t<\/div>\n\n\t\n<\/div>\n\t<div id=\"gap-1047284312\" class=\"gap-element clearfix\" style=\"display:block; height:auto;\">\n\t\t\n<style>\n#gap-1047284312 {\n  padding-top: 30px;\n}\n@media (min-width:550px) {\n  #gap-1047284312 {\n    padding-top: 60px;\n  }\n}\n<\/style>\n\t<\/div>","protected":false},"excerpt":{"rendered":"","protected":false},"author":2,"featured_media":0,"parent":0,"menu_order":0,"comment_status":"closed","ping_status":"closed","template":"page-blank.php","meta":{"footnotes":""},"class_list":["post-583","page","type-page","status-publish","hentry"],"_links":{"self":[{"href":"https:\/\/eddsec.de\/en\/wp-json\/wp\/v2\/pages\/583","targetHints":{"allow":["GET"]}}],"collection":[{"href":"https:\/\/eddsec.de\/en\/wp-json\/wp\/v2\/pages"}],"about":[{"href":"https:\/\/eddsec.de\/en\/wp-json\/wp\/v2\/types\/page"}],"author":[{"embeddable":true,"href":"https:\/\/eddsec.de\/en\/wp-json\/wp\/v2\/users\/2"}],"replies":[{"embeddable":true,"href":"https:\/\/eddsec.de\/en\/wp-json\/wp\/v2\/comments?post=583"}],"version-history":[{"count":26,"href":"https:\/\/eddsec.de\/en\/wp-json\/wp\/v2\/pages\/583\/revisions"}],"predecessor-version":[{"id":748,"href":"https:\/\/eddsec.de\/en\/wp-json\/wp\/v2\/pages\/583\/revisions\/748"}],"wp:attachment":[{"href":"https:\/\/eddsec.de\/en\/wp-json\/wp\/v2\/media?parent=583"}],"curies":[{"name":"wp","href":"https:\/\/api.w.org\/{rel}","templated":true}]}}