{"id":586,"date":"2023-07-23T20:12:21","date_gmt":"2023-07-23T18:12:21","guid":{"rendered":"https:\/\/eddsec.de\/?page_id=586"},"modified":"2023-07-31T19:17:45","modified_gmt":"2023-07-31T17:17:45","slug":"sprengstoffspuerhuneteams-fuer-den-veranstaltungsschutz-ausbildung","status":"publish","type":"page","link":"https:\/\/eddsec.de\/en\/sprengstoffspuerhuneteams-fuer-den-veranstaltungsschutz-ausbildung\/","title":{"rendered":"Sprengstoffsp\u00fcrhundeteams f\u00fcr den Veranstaltungsschutz"},"content":{"rendered":"<div class=\"banner has-hover\" id=\"banner-1508087423\">\n          <div class=\"banner-inner fill\">\n        <div class=\"banner-bg fill\" >\n            <div class=\"bg fill bg-fill\"><\/div>\n                        <div class=\"overlay\"><\/div>            \n                    <\/div>\n\t\t\n\t<div class=\"ux-shape-divider ux-shape-divider--bottom ux-shape-divider--style-tilt\">\n\t\t<svg viewbox=\"0 0 1000 100\" xmlns=\"http:\/\/www.w3.org\/2000\/svg\" preserveaspectratio=\"none\">\n\t<path class=\"ux-shape-fill\" d=\"M1000 100V0L-40 100H1000Z\"\/>\n<\/svg>\n\t<\/div>\n        <div class=\"banner-layers container\">\n            <div class=\"fill banner-link\"><\/div>            \n        <\/div>\n      <\/div>\n\n            \n<style>\n#banner-1508087423 {\n  padding-top: 300px;\n}\n#banner-1508087423 .bg.bg-loaded {\n  background-image: url(https:\/\/eddsec.de\/wp-content\/uploads\/2023\/07\/eddsec-pic-min-scaled.jpg);\n}\n#banner-1508087423 .overlay {\n  background-color: rgba(0, 0, 0, 0.279);\n}\n#banner-1508087423 .bg {\n  background-position: 22% 45%;\n}\n#banner-1508087423 .ux-shape-divider--bottom svg {\n  height: 41px;\n  --divider-width: 100%;\n}\n#banner-1508087423 .ux-shape-divider--bottom .ux-shape-fill {\n  fill: #ee220c;\n}\n@media (min-width:550px) {\n  #banner-1508087423 {\n    padding-top: 470px;\n  }\n}\n<\/style>\n  <\/div>\n\n\n<div class=\"row align-equal\"  id=\"row-1173821749\">\n\n\t<div id=\"col-1559492533\" class=\"col medium-12 small-12 large-8\"  data-animate=\"fadeInUp\">\n\t\t\t\t<div class=\"col-inner box-shadow-4\" style=\"background-color:rgb(255,255,255);\" >\n\t\t\t\n\t\t\t\n\t<div id=\"text-3995460524\" class=\"text\">\n\t\t\n<h1>Sprengstoffsp\u00fcrhunde-Teams f\u00fcr den Veranstaltungsschutz<\/h1>\n\t\t\n<style>\n#text-3995460524 {\n  font-size: 1.25rem;\n}\n@media (min-width:550px) {\n  #text-3995460524 {\n    font-size: 1.25rem;\n  }\n}\n<\/style>\n\t<\/div>\n\t\n<p><strong>Die Eddsec GmbH bietet Sprengstoffabsuchen f\u00fcr Gro\u00dfveranstaltungen, TV-Liveproduktionen,<\/strong> <strong>Aktion\u00e4rsversammlungen und andere Einsatzorte mit hohem Sicherheitsanspruch.<\/strong><\/p>\n<p>Sprengstoffsp\u00fcrhunde spielen eine entscheidende Rolle bei der Sicherheit von Veranstaltungen.<\/p>\n<p>Bei Events wie Konzerten, Sportereignissen oder politischen Versammlungen sind Sprengstoffsp\u00fcrhunde unverzichtbar, um die Sicherheit der Besucher zu gew\u00e4hrleisten. Ihr Einsatz erm\u00f6glicht es, verd\u00e4chtige Gegenst\u00e4nde fr\u00fchzeitig zu identifizieren und entsprechende Ma\u00dfnahmen zu ergreifen.<\/p>\n<p>Alle unsere Sp\u00fcrhunde-Teams sind von offizieller Seite zugelassen und werden regelm\u00e4\u00dfig entsprechend des beh\u00f6rdlichen Standards trainiert, um ihre F\u00e4higkeiten zu erhalten und auszubauen.<\/p>\n<p>Dank professioneller und diskreter Einsatzzechnik sind unsere Sprengstoffsp\u00fcrhunde-Teams eine wertvolle Erg\u00e4nzung f\u00fcr Ihr Sicherheitskonzept.<\/p>\n<a href=\"https:\/\/eddsec.de\/en\/kontakt\/\" target=\"_self\" class=\"button secondary\"  style=\"padding:7px 40px 7px 40px;\">\n    <span>KONTAKT<\/span>\n  <\/a>\n\n\t\t<\/div>\n\t\t\t\t\n<style>\n#col-1559492533 > .col-inner {\n  padding: 30px 30px 50px 30px;\n  margin: -110px 0px 0px 0px;\n}\n@media (min-width:550px) {\n  #col-1559492533 > .col-inner {\n    padding: 50px 40px 30px 40px;\n  }\n}\n<\/style>\n\t<\/div>\n\n\t\n\n\t<div id=\"col-477212092\" class=\"col medium-12 small-12 large-4\"  data-animate=\"fadeInUp\">\n\t\t\t\t<div class=\"col-inner box-shadow-4\" style=\"background-color:rgb(255,255,255);\" >\n\t\t\t\n\t\t\t\n\t<div class=\"img has-hover x md-x lg-x y md-y lg-y\" id=\"image_1081077134\">\n\t\t\t\t\t\t\t\t<div class=\"img-inner dark\" >\n\t\t\t<img loading=\"lazy\" decoding=\"async\" width=\"2560\" height=\"1709\" src=\"https:\/\/eddsec.de\/wp-content\/uploads\/2023\/07\/eddsec-pic-min-scaled.jpg\" class=\"attachment-original size-original\" alt=\"\" srcset=\"https:\/\/eddsec.de\/wp-content\/uploads\/2023\/07\/eddsec-pic-min-scaled.jpg 2560w, https:\/\/eddsec.de\/wp-content\/uploads\/2023\/07\/eddsec-pic-min-300x200.jpg 300w, https:\/\/eddsec.de\/wp-content\/uploads\/2023\/07\/eddsec-pic-min-1024x684.jpg 1024w, https:\/\/eddsec.de\/wp-content\/uploads\/2023\/07\/eddsec-pic-min-768x513.jpg 768w, https:\/\/eddsec.de\/wp-content\/uploads\/2023\/07\/eddsec-pic-min-1536x1025.jpg 1536w, https:\/\/eddsec.de\/wp-content\/uploads\/2023\/07\/eddsec-pic-min-2048x1367.jpg 2048w\" sizes=\"auto, (max-width: 2560px) 100vw, 2560px\" \/>\t\t\t\t\t\t\n\t\t\t\t\t<\/div>\n\t\t\t\t\t\t\t\t\n<style>\n#image_1081077134 {\n  width: 100%;\n}\n@media (min-width:550px) {\n  #image_1081077134 {\n    width: 100%;\n  }\n}\n<\/style>\n\t<\/div>\n\t\n\t<div id=\"text-872554640\" class=\"text chevron\">\n\t\t\n<ul>\n<li>Bundesbeh\u00f6rdlich zertifizierte Sprengstoffsp\u00fcrhunde-Teams.<\/li>\n<li>Kontinuierliche hausinterne Fort- und Weiterbildung durch einen zugelassenen Ausbilder konform des beh\u00f6rdlichen Standards.<\/li>\n<li>Routinierte Diensthunde mit vielseitiger Einsatzerfahrung.<\/li>\n<li>Bundesweit flexibel einsetzbar.<\/li>\n<\/ul>\n\t\t\t<\/div>\n\t\n\t\t<\/div>\n\t\t\t\t\n<style>\n#col-477212092 > .col-inner {\n  padding: 30px 30px 30px 30px;\n  margin: 0px 0px 0px 0px;\n}\n@media (min-width:550px) {\n  #col-477212092 > .col-inner {\n    padding: 50px 40px 30px 40px;\n  }\n}\n@media (min-width:850px) {\n  #col-477212092 > .col-inner {\n    margin: -110px 0px 0px 0px;\n  }\n}\n<\/style>\n\t<\/div>\n\n\t\n<\/div>\n\t<div id=\"gap-1825084494\" class=\"gap-element clearfix\" style=\"display:block; height:auto;\">\n\t\t\n<style>\n#gap-1825084494 {\n  padding-top: 30px;\n}\n@media (min-width:550px) {\n  #gap-1825084494 {\n    padding-top: 60px;\n  }\n}\n<\/style>\n\t<\/div>","protected":false},"excerpt":{"rendered":"","protected":false},"author":2,"featured_media":0,"parent":0,"menu_order":0,"comment_status":"closed","ping_status":"closed","template":"page-blank.php","meta":{"footnotes":""},"class_list":["post-586","page","type-page","status-publish","hentry"],"_links":{"self":[{"href":"https:\/\/eddsec.de\/en\/wp-json\/wp\/v2\/pages\/586","targetHints":{"allow":["GET"]}}],"collection":[{"href":"https:\/\/eddsec.de\/en\/wp-json\/wp\/v2\/pages"}],"about":[{"href":"https:\/\/eddsec.de\/en\/wp-json\/wp\/v2\/types\/page"}],"author":[{"embeddable":true,"href":"https:\/\/eddsec.de\/en\/wp-json\/wp\/v2\/users\/2"}],"replies":[{"embeddable":true,"href":"https:\/\/eddsec.de\/en\/wp-json\/wp\/v2\/comments?post=586"}],"version-history":[{"count":31,"href":"https:\/\/eddsec.de\/en\/wp-json\/wp\/v2\/pages\/586\/revisions"}],"predecessor-version":[{"id":724,"href":"https:\/\/eddsec.de\/en\/wp-json\/wp\/v2\/pages\/586\/revisions\/724"}],"wp:attachment":[{"href":"https:\/\/eddsec.de\/en\/wp-json\/wp\/v2\/media?parent=586"}],"curies":[{"name":"wp","href":"https:\/\/api.w.org\/{rel}","templated":true}]}}